{"id":13,"date":"2024-10-04T11:47:01","date_gmt":"2024-10-04T09:47:01","guid":{"rendered":"http:\/\/logopeda-teresin.eu\/?page_id=13"},"modified":"2025-08-22T18:34:35","modified_gmt":"2025-08-22T16:34:35","slug":"o-mnie","status":"publish","type":"page","link":"https:\/\/logopeda-teresin.eu\/","title":{"rendered":"Strona g\u0142\u00f3wna"},"content":{"rendered":"<h3 class=\"has-text-align-center wp-block-site-tagline\">LOGOPEDA TO RZE\u0179BIARZ KOMUNIKACJI- Z CIERPLIWO\u015aCI\u0104 I PRECYZJ\u0104 KSZTA\u0141TUJE J\u0118ZYK I MOW\u0118, ABY STA\u0141Y SI\u0118 MOSTEM, NIE BARIER\u0104.<\/h3>\n\n\n<figure class=\"wp-block-image\"><img loading=\"lazy\" decoding=\"async\" width=\"1920\" height=\"1080\" src=\"https:\/\/logopeda-teresin.eu\/wp-content\/uploads\/2025\/08\/cropped-IMG-20250801-WA0002.jpg\" alt=\"\" class=\"wp-image-140\" srcset=\"https:\/\/logopeda-teresin.eu\/wp-content\/uploads\/2025\/08\/cropped-IMG-20250801-WA0002.jpg 1920w, https:\/\/logopeda-teresin.eu\/wp-content\/uploads\/2025\/08\/cropped-IMG-20250801-WA0002-300x169.jpg 300w, https:\/\/logopeda-teresin.eu\/wp-content\/uploads\/2025\/08\/cropped-IMG-20250801-WA0002-1024x576.jpg 1024w, https:\/\/logopeda-teresin.eu\/wp-content\/uploads\/2025\/08\/cropped-IMG-20250801-WA0002-768x432.jpg 768w, https:\/\/logopeda-teresin.eu\/wp-content\/uploads\/2025\/08\/cropped-IMG-20250801-WA0002-1536x864.jpg 1536w\" sizes=\"auto, (max-width: 1920px) 100vw, 1920px\" \/><\/figure>\n\n\n\n<pre class=\"wp-block-preformatted\">J\u0119zyk jest najwa\u017cniejszym elementem poczucia wsp\u00f3lnoty spo\u0142ecznej, a odebranie mowy cz\u0142owiekowi wy\u0142\u0105cza go ze spo\u0142eczno\u015bci, czyni bezradnym.<br>Poziom j\u0119zykowej komunikacji determinuje mo\u017cliwo\u015bci ka\u017cdego z nas, wp\u0142ywa na sukcesy edukacyjne, zawodowe i spo\u0142eczne.<br>&nbsp;Mowa odgrywa bardzo du\u017c\u0105 rol\u0119 w prawid\u0142owym rozwoju dziecka. Je\u015bli&nbsp; proces rozwoju mowy przebiega harmonijnie, dziecko prawid\u0142owo my\u015bli , rozwija swoje s\u0142ownictwo, my\u015blenie abstrakcyjne, prawid\u0142owo stosuje zasady gramatyczne.&nbsp;<br>Przygotowanie dziecka do szko\u0142y polega m.in. na roztaczaniu opieki nad ostatnia faz\u0105 kszta\u0142towania si\u0119 mowy, tak, aby by\u0142a ona ju\u017c dojrza\u0142a, gdy dziecko wst\u0105pi w jej  progi. Bowiem dziecko \u017ale m\u00f3wi\u0105ce najcz\u0119\u015bciej pisze z b\u0142\u0119dami, przejawia zahamowania w swobodnym wypowiadaniu si\u0119.<br>Dlatego bardzo wa\u017cne jest aby w&nbsp; przypadku zauwa\u017cenia odst\u0119pstw w rozwoju mowy dziecka lub jakichkolwiek w\u0105tpliwo\u015bci, skonsultowa\u0107 si\u0119 z logoped\u0105.<br><\/pre>\n\n\n\n<div class=\"wp-block-group\"><div class=\"wp-block-group__inner-container is-layout-constrained wp-block-group-is-layout-constrained\">\n<details class=\"wp-block-details is-layout-flow wp-block-details-is-layout-flow\"><summary><strong>W SWOIM GABINECIE <\/strong>:<\/summary>\n<p><\/p>\n<\/details>\n\n\n\n<p><\/p>\n\n\n\n<p>Na co dzie\u0144 pracuj\u0119 z dzie\u0107mi w wieku szkolnym i przedszkolnym, r\u00f3wnie\u017c ze starszymi pacjentami ortodontycznymi oraz z pacjentami ze skr\u00f3conym w\u0119dzide\u0142kiem j\u0119zyka stosuj\u0105c terapi\u0119 miofunkcjonaln\u0105. W terapie swoich pacjent\u00f3w, opr\u00f3cz wiedzy i do\u015bwiadczenia wk\u0142adam ca\u0142e swoje serce i zaanga\u017cowanie.<\/p>\n<\/div><\/div>\n","protected":false},"excerpt":{"rendered":"<p>J\u0119zyk jest najwa\u017cniejszym elementem poczucia wsp\u00f3lnoty spo\u0142ecznej, a odebranie mowy cz\u0142owiekowi wy\u0142\u0105cza go ze spo\u0142eczno\u015bci, czyni bezradnym.Poziom j\u0119zykowej komunikacji determinuje mo\u017cliwo\u015bci ka\u017cdego z nas, wp\u0142ywa [&hellip;]<\/p>\n","protected":false},"author":1,"featured_media":0,"parent":0,"menu_order":0,"comment_status":"closed","ping_status":"closed","template":"","meta":{"footnotes":""},"class_list":["post-13","page","type-page","status-publish","hentry"],"_links":{"self":[{"href":"https:\/\/logopeda-teresin.eu\/index.php?rest_route=\/wp\/v2\/pages\/13","targetHints":{"allow":["GET"]}}],"collection":[{"href":"https:\/\/logopeda-teresin.eu\/index.php?rest_route=\/wp\/v2\/pages"}],"about":[{"href":"https:\/\/logopeda-teresin.eu\/index.php?rest_route=\/wp\/v2\/types\/page"}],"author":[{"embeddable":true,"href":"https:\/\/logopeda-teresin.eu\/index.php?rest_route=\/wp\/v2\/users\/1"}],"replies":[{"embeddable":true,"href":"https:\/\/logopeda-teresin.eu\/index.php?rest_route=%2Fwp%2Fv2%2Fcomments&post=13"}],"version-history":[{"count":25,"href":"https:\/\/logopeda-teresin.eu\/index.php?rest_route=\/wp\/v2\/pages\/13\/revisions"}],"predecessor-version":[{"id":264,"href":"https:\/\/logopeda-teresin.eu\/index.php?rest_route=\/wp\/v2\/pages\/13\/revisions\/264"}],"wp:attachment":[{"href":"https:\/\/logopeda-teresin.eu\/index.php?rest_route=%2Fwp%2Fv2%2Fmedia&parent=13"}],"curies":[{"name":"wp","href":"https:\/\/api.w.org\/{rel}","templated":true}]}}