{"id":231,"date":"2025-08-22T17:47:34","date_gmt":"2025-08-22T15:47:34","guid":{"rendered":"https:\/\/logopeda-teresin.eu\/?page_id=231"},"modified":"2025-08-22T18:21:02","modified_gmt":"2025-08-22T16:21:02","slug":"warto-przeczytac-2","status":"publish","type":"page","link":"https:\/\/logopeda-teresin.eu\/?page_id=231","title":{"rendered":"Warto Przeczyta\u0107:"},"content":{"rendered":"<ul class=\"wp-block-page-list\"><li class=\"wp-block-pages-list__item\"><a class=\"wp-block-pages-list__item__link\" href=\"https:\/\/logopeda-teresin.eu\/?page_id=247\">\u0106wiczenia oddechowe<\/a><\/li><li class=\"wp-block-pages-list__item\"><a class=\"wp-block-pages-list__item__link\" href=\"https:\/\/logopeda-teresin.eu\/?page_id=229\">Czy z wady wymowy mo\u017cna wyrosn\u0105\u0107?\u00a0\u00a0<\/a><\/li><li class=\"wp-block-pages-list__item\"><a class=\"wp-block-pages-list__item__link\" href=\"https:\/\/logopeda-teresin.eu\/?page_id=25\">Gabinet logopedyczny<\/a><\/li><li class=\"wp-block-pages-list__item\"><a class=\"wp-block-pages-list__item__link\" href=\"https:\/\/logopeda-teresin.eu\/?page_id=35\">Gimnastyka buzi i j\u0119zyka<\/a><\/li><li class=\"wp-block-pages-list__item\"><a class=\"wp-block-pages-list__item__link\" href=\"https:\/\/logopeda-teresin.eu\/?page_id=39\">Jak nie straci\u0107 g\u0142osu &#8211; profilaktyka g\u0142osowa<\/a><\/li><li class=\"wp-block-pages-list__item\"><a class=\"wp-block-pages-list__item__link\" href=\"https:\/\/logopeda-teresin.eu\/?page_id=220\">Jak Pomagam:<\/a><\/li><li class=\"wp-block-pages-list__item\"><a class=\"wp-block-pages-list__item__link\" href=\"https:\/\/logopeda-teresin.eu\/?page_id=37\">Jak rozwija\u0107 mow\u0119 dziecka<\/a><\/li><li class=\"wp-block-pages-list__item\"><a class=\"wp-block-pages-list__item__link\" href=\"https:\/\/logopeda-teresin.eu\/?page_id=27\">Kiedy do logopedy<\/a><\/li><li class=\"wp-block-pages-list__item\"><a class=\"wp-block-pages-list__item__link\" href=\"https:\/\/logopeda-teresin.eu\/?page_id=53\">Kontakt<\/a><\/li><li class=\"wp-block-pages-list__item\"><a class=\"wp-block-pages-list__item__link\" href=\"https:\/\/logopeda-teresin.eu\/?page_id=170\">O mnie<\/a><\/li><li class=\"wp-block-pages-list__item\"><a class=\"wp-block-pages-list__item__link\" href=\"https:\/\/logopeda-teresin.eu\/?page_id=41\">O roli oddychania i \u0107wicze\u0144 oddechowych<\/a><\/li><li class=\"wp-block-pages-list__item\"><a class=\"wp-block-pages-list__item__link\" href=\"https:\/\/logopeda-teresin.eu\/?page_id=236\">O zaburzeniach miofunkcjonalnych<\/a><\/li><li class=\"wp-block-pages-list__item\"><a class=\"wp-block-pages-list__item__link\" href=\"https:\/\/logopeda-teresin.eu\/?page_id=242\">Oddychanie przez usta<\/a><\/li><li class=\"wp-block-pages-list__item\"><a class=\"wp-block-pages-list__item__link\" href=\"https:\/\/logopeda-teresin.eu\/?page_id=31\">Prawid\u0142owy rozw\u00f3j mowy<\/a><\/li><li class=\"wp-block-pages-list__item\"><a class=\"wp-block-pages-list__item__link\" href=\"https:\/\/logopeda-teresin.eu\/?page_id=277\">Publikacje<\/a><\/li><li class=\"wp-block-pages-list__item\"><a class=\"wp-block-pages-list__item__link\" href=\"https:\/\/logopeda-teresin.eu\/?page_id=251\">RODO<\/a><\/li><li class=\"wp-block-pages-list__item\"><a class=\"wp-block-pages-list__item__link\" href=\"https:\/\/logopeda-teresin.eu\/?page_id=254\">Standardy ochrony ma\u0142oletnich<\/a><\/li><li class=\"wp-block-pages-list__item menu-item-home\"><a class=\"wp-block-pages-list__item__link\" href=\"https:\/\/logopeda-teresin.eu\/\">Strona g\u0142\u00f3wna<\/a><\/li><li class=\"wp-block-pages-list__item\"><a class=\"wp-block-pages-list__item__link\" href=\"https:\/\/logopeda-teresin.eu\/?page_id=231\">Warto Przeczyta\u0107:<\/a><\/li><li class=\"wp-block-pages-list__item\"><a class=\"wp-block-pages-list__item__link\" href=\"https:\/\/logopeda-teresin.eu\/?page_id=245\">Wp\u0142yw postawy cia\u0142a na mow\u0119<\/a><\/li><\/ul>","protected":false},"excerpt":{"rendered":"","protected":false},"author":1,"featured_media":0,"parent":0,"menu_order":0,"comment_status":"closed","ping_status":"closed","template":"","meta":{"footnotes":""},"class_list":["post-231","page","type-page","status-publish","hentry"],"_links":{"self":[{"href":"https:\/\/logopeda-teresin.eu\/index.php?rest_route=\/wp\/v2\/pages\/231","targetHints":{"allow":["GET"]}}],"collection":[{"href":"https:\/\/logopeda-teresin.eu\/index.php?rest_route=\/wp\/v2\/pages"}],"about":[{"href":"https:\/\/logopeda-teresin.eu\/index.php?rest_route=\/wp\/v2\/types\/page"}],"author":[{"embeddable":true,"href":"https:\/\/logopeda-teresin.eu\/index.php?rest_route=\/wp\/v2\/users\/1"}],"replies":[{"embeddable":true,"href":"https:\/\/logopeda-teresin.eu\/index.php?rest_route=%2Fwp%2Fv2%2Fcomments&post=231"}],"version-history":[{"count":2,"href":"https:\/\/logopeda-teresin.eu\/index.php?rest_route=\/wp\/v2\/pages\/231\/revisions"}],"predecessor-version":[{"id":263,"href":"https:\/\/logopeda-teresin.eu\/index.php?rest_route=\/wp\/v2\/pages\/231\/revisions\/263"}],"wp:attachment":[{"href":"https:\/\/logopeda-teresin.eu\/index.php?rest_route=%2Fwp%2Fv2%2Fmedia&parent=231"}],"curies":[{"name":"wp","href":"https:\/\/api.w.org\/{rel}","templated":true}]}}