{"id":254,"date":"2025-08-22T18:09:24","date_gmt":"2025-08-22T16:09:24","guid":{"rendered":"https:\/\/logopeda-teresin.eu\/?page_id=254"},"modified":"2025-08-22T18:09:24","modified_gmt":"2025-08-22T16:09:24","slug":"standardy-ochrony-maloletnich","status":"publish","type":"page","link":"https:\/\/logopeda-teresin.eu\/?page_id=254","title":{"rendered":"Standardy ochrony ma\u0142oletnich"},"content":{"rendered":"\n<p><\/p>\n\n\n\n<p>Wersja skr\u00f3cona<br>WERSJA SKR\u00d3CONA STANDARD\u00d3W OCHRONY MA\u0141OLETNICH W<br>DIAGNOZA I TERAPIA LOGOPEDYCZNA<br>HANNA G\u0141UCHOWSKA<br>Jestem tutaj po to,&nbsp;aby Ci\u0119 leczy\u0107, ale r\u00f3wnie\u017c po to, aby Ci\u0119&nbsp;wspiera\u0107 na r\u00f3\u017cnych innych p\u0142aszczyznach, nie tylko tych zwi\u0105zanych z leczeniem. Chc\u0119 by\u015b czu\u0142\/czu\u0142a si\u0119 komfortowo podczas konsultacji. Poni\u017cej wypisa\u0142am dla Ciebie kilka wskaz\u00f3wek, kt\u00f3re chcia\u0142abym, aby\u015b zapami\u0119ta\u0142\/zapami\u0119ta\u0142a.&nbsp;<br>1.&nbsp;Jestem tutaj po to, aby Ci\u0119 wesprze\u0107. Skupiam si\u0119 przede wszystkim na leczeniu i pomocy, ale Twoje uczucia s\u0105 dla mnie r\u00f3wnie wa\u017cne.<br>2.&nbsp;Chc\u0119, aby\u015b czu\u0142\/czu\u0142a si\u0119 bezpiecznie i komfortowo podczas konsultacji.<br>3.&nbsp;Przed rozpocz\u0119ciem \u0107wicze\u0144 wszystko Ci wyja\u015bni\u0119, co b\u0119d\u0119 robi\u0142a, ale zawsze mo\u017cesz dopyta\u0107 je\u017celi cokolwiek nie jest dla Ciebie jasne.<br>4.&nbsp;B\u0119d\u0119 pyta\u0107 Ci\u0119 o Twoje zdanie w sytuacjach, w kt\u00f3rych mog\u0119 da\u0107 Ci wyb\u00f3r. B\u0119d\u0119 traktowa\u0107 Ci\u0119 z szacunkiem.<br>5.&nbsp;Nikt nie b\u0119dzie na Ciebie podnosi\u0142 g\u0142osu.&nbsp;<br>6.&nbsp;Mo\u017cesz r\u00f3wnie\u017c mie\u0107 przy sobie swoj\u0105 ulubion\u0105 zabawk\u0119 lub przytulank\u0119.<\/p>\n\n\n\n<p>Wa\u017cne!&nbsp;W ka\u017cdej chwili mo\u017cesz ze mn\u0105 porozmawia\u0107 o wszystkim na co masz ochot\u0119. Je\u017celi cokolwiek Ci\u0119 martwi, to mo\u017cesz mi o tym powiedzie\u0107.&nbsp;Je\u017celi dzieje si\u0119 co\u015b niepokoj\u0105cego,&nbsp;masz z czym\u015b problem, kto\u015b Ci zrobi\u0142 krzywd\u0119 lub co\u015b, czego nie chcesz, to r\u00f3wnie\u017c mo\u017cesz mi o tym powiedzie\u0107 lub mo\u017cesz zadzwoni\u0107 na&nbsp;Telefon Zaufania Dla Dzieci i M\u0142odzie\u017cy: 116 111 oraz&nbsp;Og\u00f3lnopolskie Pogotowie dla Ofiar Przemocy w Rodzinie \u201eNiebieska Linia\u201d: 800 120 002.<\/p>\n\n\n\n<p>Pe\u0142na wersja<br>STANDARDY OCHRONY MA\u0141OLETNICH W<br>DIAGNOZA I TERAPIA LOGOPEDYCZNA<br>HANNA G\u0141UCHOWSKA<\/p>\n\n\n\n<p>Spis tre\u015bci<br>Wst\u0119p<br>Rozdzia\u0142 1.&nbsp;Postanowienia og\u00f3lne<br>Rozdzia\u0142 2.&nbsp;Zasady zapewniaj\u0105ce bezpieczne relacje<br>Rozdzia\u0142 3.&nbsp;Przegl\u0105d zachowa\u0144 zabronionych<br>Rozdzia\u0142 4.&nbsp;Zasady i procedura podejmowania interwencji w sytuacji podejrzenia krzywdzenia ma\u0142oletniego<br>Rozdzia\u0142 5.&nbsp;Zasady aktualizacji standard\u00f3w<br>Rozdzia\u0142 6.&nbsp;Zasady udost\u0119pniania rodzicom albo opiekunom prawnym lub faktycznym oraz ma\u0142oletnim Standard\u00f3w Ochrony Ma\u0142oletnich<br>Rozdzia\u0142 7.&nbsp;Zasady korzystania z urz\u0105dze\u0144 elektronicznych z dost\u0119pem do Internetu<br>Rozdzia\u0142 8.&nbsp;Zasady ustalania planu wsparcia ma\u0142oletniego po ujawnieniu krzywdy<br>Rozdzia\u0142 9.&nbsp;Postanowienia ko\u0144cowe<br>Wst\u0119p<br>W trosce o dobro i bezpiecze\u0144stwo najm\u0142odszych Hanna G\u0142uchowska Diagnoza i terapia logopedyczna zobowi\u0105zuje si\u0119 do tworzenia polityki ochrony dzieci. Dokument ten ma na celu zapewnienie dzieciom odpowiedniego wsparcia, ochrony, dba\u0142o\u015bci o ich potrzeby oraz bezpiecze\u0144stwo w ka\u017cdym obszarze \u017cycia. Wdra\u017caj\u0105c t\u0119 polityk\u0119, kieruje si\u0119 warto\u015bciami szacunku, sprawiedliwo\u015bci i empatii, k\u0142ad\u0105c przede wszystkim nacisk na prawa oraz dobro dziecka. Ma te\u017c na uwadze, \u017ce ka\u017cde dziecko ma prawo do bezpiecznego i wspieraj\u0105cego \u015brodowiska, wolnego od wszelkich form krzywdzenia, wyzysku i dr\u0119czenia.<br>Opracowa\u0142a: Hanna G\u0142uchowska<br>Osoba odpowiedzialna za wdro\u017cenie:&nbsp;Hanna G\u0142uchowska<br>Osoba odpowiedzialna za uruchamianie procedur: Hanna G\u0142uchowska<br>Obowi\u0105zuje od:&nbsp;15.08.2024 r.&nbsp;<br>Data aktualizacji:&nbsp;15.08.2024 r.<br>Rozdzia\u0142 1.<br>Postanowienia og\u00f3lne&nbsp;<br>1.&nbsp;Standardy Ochrony Ma\u0142oletnich w Diagnoza i terapia logopedyczna Hanna G\u0142uchowska, zosta\u0142y opracowane i przygotowane w zwi\u0105zku z obowi\u0105zkami prawnymi na\u0142o\u017conymi ustaw\u0105 z dnia 13 maja 2016 r. o przeciwdzia\u0142aniu zagro\u017ceniom przest\u0119pczo\u015bci\u0105 na tle seksualnym i ochronie ma\u0142oletnich. Celem standard\u00f3w jest zapewnienie dziecku, kt\u00f3re korzysta z us\u0142ug Diagnoza i terapia logopedyczna Hanna G\u0142uchowska, bezpiecznego i wspieraj\u0105cego \u015brodowiska.<br>2.&nbsp;Definicje:<br>2.1&nbsp;krzywdzenie ma\u0142oletniego\/nadu\u017cycie \u2013 ka\u017cde dzia\u0142anie prowadz\u0105ce do psychicznej lub fizycznej szkody dziecka, ale te\u017c pope\u0142nienie czynu zabronionego lub czynu karalnego na szkod\u0119 ma\u0142oletniego przez jak\u0105kolwiek osob\u0119&nbsp;oraz&nbsp;inne zagro\u017cenie dobra ma\u0142oletniego, w tym jego zaniedbywanie;<br>2.2&nbsp;ma\u0142oletni \u2013 osoba, kt\u00f3ra nie uko\u0144czy\u0142a 18 roku \u017cycia;<br>2.3&nbsp;w\u0142a\u015bciciel \u2013 neurologopeda Hanna G\u0142uchowska, jako w\u0142a\u015bcicielka indywidualnej praktyki logopedycznej mo\u017ce mie\u0107 kontakt z ma\u0142oletnimi;<br>2.4&nbsp;standardy \u2013 niniejsze Standardy Ochrony Ma\u0142oletnich opisane w niniejszym dokumencie.<br>3.&nbsp;Dla potrzeb przeciwdzia\u0142ania krzywdzeniu ma\u0142oletnich w\u0142a\u015bciciel podejmuje dzia\u0142ania okre\u015blone standardami r\u00f3wnie\u017c w sytuacji zaobserwowania lub powzi\u0119cia informacji o krzywdzeniu ma\u0142oletniego przez doros\u0142e osoby trzecie lub przez innych ma\u0142oletnich.<br>4.&nbsp;Obowi\u0105zek przestrzegania standard\u00f3w ma w\u0142a\u015bciciel indywidualnej praktyki logopedycznej Diagnoza i terapia logopedyczna Hanna G\u0142uchowska,<br>5.&nbsp;Za wdro\u017cenie, monitorowanie, przestrzeganie, ocen\u0119 realizacji standard\u00f3w oraz inne zadania okre\u015blone w standardach odpowiedzialny jest w\u0142a\u015bciciel indywidualnej praktyki logopedycznej Diagnoza i terapia logopedyczna Hanna G\u0142uchowska,<br>Rozdzia\u0142 2.<br>Zasady zapewniaj\u0105ce bezpieczne relacje&nbsp;<br>Podstawow\u0105 zasad\u0105 czynno\u015bci podejmowanych przez w\u0142a\u015bciciela indywidualnej praktyki logopedycznej w Diagnoza i terapia logopedyczna Hanna G\u0142uchowska,, w kontaktach z ma\u0142oletnimi jest dzia\u0142anie na rzecz ich dobra.<br>2.&nbsp;W\u0142a\u015bciciel &#8211; fizjoterapeuta &#8211; jako organizator dzia\u0142alno\u015bci :<br>2.1&nbsp;Powinien traktowa\u0107 ma\u0142oletnich z szacunkiem, zachowuj\u0105c przy tym w kontakcie z ma\u0142oletnimi spok\u00f3j i cierpliwo\u015b\u0107, a tak\u017ce okazuj\u0105c zrozumienie dla ich trudno\u015bci, problem\u00f3w oraz potrzeb;<br>2.2&nbsp;Powinien dba\u0107 o przestrzeganie praw pacjenta ma\u0142oletniego;<br>2.3&nbsp;Powinien respektowa\u0107 prawo ma\u0142oletnich do opieki ze strony przedstawicieli ustawowych b\u0105d\u017a opiekun\u00f3w faktycznych;<br>2.4&nbsp;Powinien w miar\u0119 mo\u017cliwo\u015bci t\u0142umaczy\u0107 ma\u0142oletnim podejmowane dzia\u0142ania oraz d\u0105\u017cy\u0107 do uzyskania aprobaty na udzielan\u0105 pomoc;<br>2.5&nbsp;Powinien dawa\u0107 mo\u017cliwo\u015b\u0107 wyra\u017cania przez ma\u0142oletniego swojego zdania oraz zapewnia\u0107 ma\u0142oletniemu prawo do bycia wys\u0142uchanym.<br>3.&nbsp;Na badanie ma\u0142oletniego pacjenta&nbsp;powinien uzyska\u0107 zgod\u0119 osoby uprawnionej wed\u0142ug przepis\u00f3w prawa polskiego;<br>4.&nbsp;Konsultacj\u0119&nbsp; i samo badanie ma\u0142oletniego&nbsp;powinien&nbsp;wykona\u0107&nbsp;w obecno\u015bci jego przedstawiciela ustawowego lub opiekuna faktycznego.<br>5.&nbsp;Badanie ma\u0142oletniego mo\u017ce \u0142\u0105czy\u0107 si\u0119 z konieczno\u015bci\u0105 rozebrania pacjenta, ogl\u0105dania go, dotykania jedynie w przypadkach uzasadnionych potrzeb\u0105 diagnozy b\u0105d\u017a terapii;<\/p>\n\n\n\n<ol start=\"6\" class=\"wp-block-list\">\n<li>\u00a0Podczas badania ma\u0142oletniego pacjenta\u00a0powinien\u00a0zapewni\u0107 intymno\u015b\u0107 adekwatn\u0105 do jego wieku, potrzeb i oczekiwa\u0144.<br>7.\u00a0Je\u017celi ma\u0142oletni swoim post\u0119powaniem d\u0105\u017cy do nawi\u0105zania kontaktu fizycznego o potencjalnie niestosownym b\u0105d\u017a nieadekwatnym charakterze,\u00a0powinien\u00a0podj\u0105\u0107 odpowiednie, stanowcze kroki, wyja\u015bniaj\u0105c z wyczuciem ma\u0142oletniemu konieczno\u015b\u0107 zachowania granic strefy osobistej.<br>8.\u00a0Powinien zwraca\u0107 uwag\u0119 na czynniki ryzyka i symptomy krzywdzenia ma\u0142oletnich.<br>9.\u00a0W sytuacji gdy ma \u015bwiadomo\u015b\u0107, \u017ce ma\u0142oletni dozna\u0142 zn\u0119cania fizycznego, psychicznego lub wykorzystania seksualnego, zobowi\u0105zany jest do zachowania szczeg\u00f3lnej ostro\u017cno\u015bci i taktu w kontaktach z ma\u0142oletnim.<br>10.\u00a0Wszystkie dzia\u0142ania sa\u0328 ukierunkowane na ochrone\u0328 dziecka i zapobieganie dalszej krzywdzie.<\/li>\n<\/ol>\n\n\n\n<p>Rozdzia\u0142 3.<br>Przegl\u0105d zachowa\u0144 zabronionych<br>1.&nbsp;Zabrania si\u0119 stosowania jakiejkolwiek formy lub postaci przemocy wobec ma\u0142oletnich. W tym przemocy fizycznej, jak i werbalnej. Zabrania si\u0119 krzyczenia, obra\u017cania, poni\u017cania, zawstydzania, zastraszania, wy\u015bmiewania, etykietowania oraz ujawniania informacji poufnych o pacjencie.<br>2.&nbsp;Zabrania si\u0119 dotykania ma\u0142oletnich w spos\u00f3b, kt\u00f3ry m\u00f3g\u0142by zosta\u0107 nieprawid\u0142owo zinterpretowany lub kt\u00f3ry wykracza poza uzasadnion\u0105 potrzeb\u0119<br>3.&nbsp;Zabrania si\u0119 prezentowania ma\u0142oletnim tre\u015bci o charakterze erotycznym, pornograficznym lub przemocowym.<br>4.&nbsp;Kontakt fizyczny z ma\u0142oletnim nigdy nie mo\u017ce by\u0107 niejawny, b\u0105d\u017a ukrywany, wi\u0105za\u0107 si\u0119 z jak\u0105kolwiek gratyfikacj\u0105, ani wynika\u0107 z relacji w\u0142adzy lub autorytetu.<br>5.&nbsp;Kontakt&nbsp;nie mo\u017ce by\u0107 bezpo\u015brednio z ma\u0142oletnim, z pomini\u0119ciem jego przedstawiciela ustawowego lub opiekuna faktycznego.<br>6.&nbsp;Kontakty z ma\u0142oletnim pacjentem nie mog\u0105 wyst\u0119powa\u0107 w innej formie, ani\u017celi przewidziana udzielaniem pomocy logopedycznej.<br>Rozdzia\u0142 4.<br>Zasady i procedura podejmowania interwencji w sytuacji podejrzenia krzywdzenia ma\u0142oletniego<br>1.&nbsp;W przypadku zaobserwowania lub powzi\u0119cia informacji o stosowaniu przemocy, lub wykorzystania ma\u0142oletniego \u2013 neurologopeda (w\u0142a\u015bciciel) jest zobowi\u0105zany do natychmiastowej reakcji, zmierzaj\u0105cej do powstrzymania zachowa\u0144 niedozwolonych i zapewnienia ochrony ma\u0142oletniemu.<br>2.&nbsp;W przypadku zaobserwowania, \u017ce przedstawiciel ustawowy ma\u0142oletniego zaniedbuje jego potrzeby psychofizyczne lub rodzina jest niewydolna wychowawczo, stosuje przemoc wobec ma\u0142oletniego b\u0105d\u017a godzi si\u0119 na jej stosowanie, lub w inny spos\u00f3b krzywdzi ma\u0142oletniego, lub sobie nie radzi,&nbsp;zostan\u0105&nbsp;podj\u0119te dzia\u0142ania adekwatne do sytuacji.<br>3.&nbsp;Przypadki krzywdzenia i nadu\u017cy\u0107&nbsp;dotycz\u0105ce ma\u0142oletnich zostan\u0105&nbsp;zg\u0142oszone odpowiednim organom \u015bcigania i s\u0142u\u017cbom ochrony dzieci.<br>4.&nbsp;Je\u017celi istnieje podejrzenie, z\u0307e zdrowie lub z\u0307ycie ma\u0142oletniego sa\u0328 zagroz\u0307one, lub z\u0307e mog\u0142o dojs\u0301c\u0301 do pope\u0142nienia przeste\u0328pstwa wobec ma\u0142oletniego, w\u0142a\u015bciciel indywidualnej praktyki logopedycznej sporza\u0328dza zawiadomienie o moz\u0307liwos\u0301ci pope\u0142nienia przeste\u0328pstwa i przekazuje je do policji lub prokuratury. Z tego zawiadomienia sporza\u0328dza sie\u0328 notatke\u0328.<br>5.&nbsp;W miejscu udzielania \u015bwiadcze\u0144 udost\u0119pni si\u0119 informacj\u0119 o og\u00f3lnopolskich telefonach pomocy dla os\u00f3b pokrzywdzonych przest\u0119pstwami oraz przemoc\u0105 w rodzinie, w tym:<br>5.1&nbsp;Og\u00f3lnopolski telefon dla os\u00f3b pokrzywdzonych przest\u0119pstwem +48 222 309 900;<br>5.2&nbsp;Og\u00f3lnopolskie Pogotowie dla Ofiar Przemocy w Rodzinie \u201eNiebieska Linia\u201d 800 120 002;<br>5.3&nbsp;Telefon Zaufania Dla Dzieci i M\u0142odzie\u017cy 116 111.<br>Rozdzia\u0142 5.<br>Zasady aktualizacji standard\u00f3w&nbsp;<br>1.&nbsp;W\u0142a\u015bciciel nie rzadziej ni\u017c co dwa lata dokonuje przegl\u0105du standard\u00f3w w celu ich dostosowania do aktualnych potrzeb oraz zgodno\u015bci z obowi\u0105zuj\u0105cymi przepisami.<br>2.&nbsp;Ma\u0142oletni lub ich przedstawiciele ustawowi mog\u0105 przekazywa\u0107 swoje uwagi do standard\u00f3w do w\u0142a\u015bciciela.<br>Rozdzia\u0142 6.<br>Zasady udost\u0119pniania rodzicom albo opiekunom prawnym lub faktycznym oraz ma\u0142oletnim Standard\u00f3w Ochrony Ma\u0142oletnich<br>1.&nbsp;Standardy s\u0105 dokumentem og\u00f3lnodost\u0119pnym. Standardy udost\u0119pniane s\u0105 w miejscu prowadzenia dzia\u0142alno\u015bci.<br>2.&nbsp;Ka\u017cdy ma\u0142oletni, przedstawiciel ustawowy lub opiekun faktyczny ma\u0142oletniego mo\u017ce zaznajomi\u0107 si\u0119&nbsp;z tymi standardami.<br>3.&nbsp;W oparciu o standardy opracowano ich wersj\u0119 skr\u00f3con\u0105, zawieraj\u0105c\u0105 informacje istotne dla ma\u0142oletnich. Jest ona&nbsp;dost\u0119pna w tym samym miejscu.<br>4.&nbsp;Dodatkowo&nbsp;pod adresem podanym w punkcie 1 infografika zapewniaj\u0105ca wygodny i aktrakcyjnie wizualny dost\u0119p do najwa\u017cniejszych tre\u015bci.&nbsp;<\/p>\n\n\n\n<p>Rozdzia\u0142 7.<br>Zasady korzystania z urz\u0105dze\u0144 elektronicznych z dost\u0119pem do Internetu<br>1.&nbsp;Indywidualna praktyka Diagnoza i terapia logopedyczna Hanna G\u0142uchowska nie zapewnia dost\u0119pu do sieci internetowej.<br>Rozdzia\u0142 8.<br>Zasady ustalania planu wsparcia ma\u0142oletniego po ujawnieniu krzywdy<br>1.&nbsp;Po ujawnieniu krzywdzenia ma\u0142oletniego fizjoterapeuta (w\u0142a\u015bciciel) ustala plan jego wsparcia wraz z jego przedstawicielem ustawowym lub opiekunem faktycznym, o ile to nie przedstawiciel dopuszcza si\u0119 krzywdzenia.<br>2.&nbsp;Je\u017celi jest to mo\u017cliwe,&nbsp;po ustaleniu planu wsparcia, w\u0142a\u015bciciel praktyki logopedycznej wys\u0142uchuje zdania ma\u0142oletniego i r\u00f3wnie\u017c je uwzgl\u0119dnia.<br>Rozdzia\u0142 9.<br>Postanowienia ko\u0144cowe<br>1.&nbsp;W\u0142a\u015bciciel w Diagnoza i terapia logopedyczna Hanna G\u0142uchowska jest zobligowany do przestrzegania powy\u017cszych standard\u00f3w.<br>2.&nbsp;Standardy wchodz\u0105 w \u017cycie z dniem ich og\u0142oszenia.<br>3.&nbsp;Neurologopeda (w\u0142a\u015bciciel) uprawniony jest do dokonywania zmian standard\u00f3w. Zmienione standardy wchodz\u0105 w \u017cycie z dniem ich og\u0142oszenia w spos\u00f3b okre\u015blony w standardzie w rozdziale 6, punkt 1.<br>4.&nbsp;Indywidualna praktyka Diagnoza i terapia logopedyczna Hanna G\u0142uchowska, zobowi\u0105zuje si\u0119 do zapewnienia najwy\u017cszych standard\u00f3w ochrony ma\u0142oletnich, dbaj\u0105c przy tym o ich komfort korzystania z us\u0142ug, bezpiecze\u0144stwo i dobre samopoczucie.<\/p>\n","protected":false},"excerpt":{"rendered":"<p>Wersja skr\u00f3conaWERSJA SKR\u00d3CONA STANDARD\u00d3W OCHRONY MA\u0141OLETNICH WDIAGNOZA I TERAPIA LOGOPEDYCZNAHANNA G\u0141UCHOWSKAJestem tutaj po to,&nbsp;aby Ci\u0119 leczy\u0107, ale r\u00f3wnie\u017c po to, aby Ci\u0119&nbsp;wspiera\u0107 na r\u00f3\u017cnych innych [&hellip;]<\/p>\n","protected":false},"author":1,"featured_media":0,"parent":0,"menu_order":0,"comment_status":"closed","ping_status":"closed","template":"","meta":{"footnotes":""},"class_list":["post-254","page","type-page","status-publish","hentry"],"_links":{"self":[{"href":"https:\/\/logopeda-teresin.eu\/index.php?rest_route=\/wp\/v2\/pages\/254","targetHints":{"allow":["GET"]}}],"collection":[{"href":"https:\/\/logopeda-teresin.eu\/index.php?rest_route=\/wp\/v2\/pages"}],"about":[{"href":"https:\/\/logopeda-teresin.eu\/index.php?rest_route=\/wp\/v2\/types\/page"}],"author":[{"embeddable":true,"href":"https:\/\/logopeda-teresin.eu\/index.php?rest_route=\/wp\/v2\/users\/1"}],"replies":[{"embeddable":true,"href":"https:\/\/logopeda-teresin.eu\/index.php?rest_route=%2Fwp%2Fv2%2Fcomments&post=254"}],"version-history":[{"count":1,"href":"https:\/\/logopeda-teresin.eu\/index.php?rest_route=\/wp\/v2\/pages\/254\/revisions"}],"predecessor-version":[{"id":255,"href":"https:\/\/logopeda-teresin.eu\/index.php?rest_route=\/wp\/v2\/pages\/254\/revisions\/255"}],"wp:attachment":[{"href":"https:\/\/logopeda-teresin.eu\/index.php?rest_route=%2Fwp%2Fv2%2Fmedia&parent=254"}],"curies":[{"name":"wp","href":"https:\/\/api.w.org\/{rel}","templated":true}]}}