{"id":27,"date":"2024-10-04T11:59:46","date_gmt":"2024-10-04T09:59:46","guid":{"rendered":"https:\/\/logopeda-teresin.eu\/?page_id=27"},"modified":"2025-08-22T17:21:42","modified_gmt":"2025-08-22T15:21:42","slug":"kiedy-do-logopedy","status":"publish","type":"page","link":"https:\/\/logopeda-teresin.eu\/?page_id=27","title":{"rendered":"Kiedy do logopedy"},"content":{"rendered":"\n<p>Co powinno niepokoi\u0107 rodzic\u00f3w w rozwoju mowy dziecka?<\/p>\n\n\n\n<ul class=\"wp-block-list\">\n<li>dziecko nie odwraca si\u0119 w kierunku g\u0142osu, d\u017awi\u0119k\u00f3w, w wieku 6-7 miesi\u0119cy nie gaworzy;<\/li>\n\n\n\n<li>nie rozumie prostych polece\u0144 s\u0142ownych&nbsp; (np. zr\u00f3b pa, pa; poka\u017c ucho, itp.);<\/li>\n\n\n\n<li>w wieku ok.12 miesi\u0119cy nie kojarzy pierwszych s\u0142\u00f3w z osob\u0105&nbsp; lub rzecz\u0105, nie m\u00f3wi pierwszych s\u0142\u00f3w(mama, tata) ze zrozumieniem;<\/li>\n\n\n\n<li>po uko\u0144czeniu 2 r. \u017c dziecko nie m\u00f3wi, porozumiewa si\u0119 z otoczeniem za pomoc\u0105 gest\u00f3w i krzyk\u00f3w;<\/li>\n\n\n\n<li>dziecko powy\u017cej 3 r. \u017c m\u00f3wi du\u017co, ale jego wypowiedzi s\u0105 niezrozumia\u0142e dla otoczenia;<\/li>\n\n\n\n<li>je\u015bli mimo dobrze rozwijaj\u0105cej si\u0119 mowy&nbsp; rozw\u00f3j ten nagle zatrzyma\u0142 si\u0119;<\/li>\n\n\n\n<li>dziecko wsuwa j\u0119zyk podczas artykulacji niekt\u00f3rych g\u0142osek, np. l, r, s, z, c, dz, sz, \u017c, cz, d\u017c, t, d<\/li>\n\n\n\n<li>dziecko wymawia g\u0142osk\u0119 r nieprawid\u0142owo ( np. gard\u0142owo) lub nie wymawia jej w 6 r.\u017c<\/li>\n\n\n\n<li>dziecko oddycha z otwart\u0105 buzi\u0105,&nbsp; w trakcie m\u00f3wienia wykonuje dziwne ruchy j\u0119zykiem, \u015blini si\u0119 (mo\u017ce utrzymywa\u0107 si\u0119 po\u0142ykanie niemowl\u0119ce, dziecko mo\u017ce mie\u0107 skr\u00f3cone lub nawet przyro\u015bni\u0119te w\u0119dzide\u0142ko podj\u0119zykowe);<\/li>\n\n\n\n<li>w 4 r. \u017c nie wymawia g\u0142osek k, g, l, f,w<\/li>\n\n\n\n<li>g\u0142oski zmi\u0119kczone wypowiada twardo, np. zamiast \u201ekamie\u0144\u201d m\u00f3wi \u201ekamen\u201d.<\/li>\n\n\n\n<li>dziecko zast\u0119puje g\u0142oski s, z, c, dz, sz, \u017c, cz, d\u017c, \u015b, \u017a, \u0107, d\u017a dziwnie brzmi\u0105cymi d\u017awi\u0119kami (np. wymawia je nosowo)<\/li>\n\n\n\n<li>w wieku powy\u017cej&nbsp; 5 lat nie wymawia g\u0142osek szumi\u0105cych ( sz, \u017c, cz, d\u017c)<\/li>\n\n\n\n<li>g\u0142oski d\u017awi\u0119czne wymawia bezd\u017awi\u0119cznie, np. zamiast \u201ewoda\u201d m\u00f3wi \u201e foda\u201d lub \u201efota\u201d (mo\u017ce dotyczy\u0107 jednej opozycji g\u0142osek, kilku lub wszystkich &#8211; &nbsp;mamy wtedy do czynienia z mow\u0105 bezd\u017awi\u0119czn\u0105 ca\u0142kowit\u0105);<\/li>\n\n\n\n<li>dziecko g\u0142o\u015bno m\u00f3wi, g\u0142o\u015bno s\u0142ucha telewizji, nie reaguje na polecenia mimo ich powtarzania \u2013 mo\u017ce mie\u0107 problemy ze s\u0142uchem<\/li>\n<\/ul>\n\n\n\n<p>Rodzicu pami\u0119taj!<\/p>\n\n\n\n<p><strong><u>JE\u015aLI COKOLWIEK NIEPOKOI CI\u0118 W ROZWOJU MOWY TWOJEGO DZIECKA&nbsp; NIE CZEKAJ!<\/u><\/strong><\/p>\n\n\n\n<p><strong><u>SZYBKO PRZEPROWADZONA DIAGNOZA I WCZE\u015aNIE PODJ\u0118TA TERAPIA MO\u017bE ZAPOBIEC WIELU PROBLEMOM W PRZESZ\u0141O\u015aCI.<\/u><\/strong><\/p>\n","protected":false},"excerpt":{"rendered":"<p>Co powinno niepokoi\u0107 rodzic\u00f3w w rozwoju mowy dziecka? Rodzicu pami\u0119taj! JE\u015aLI COKOLWIEK NIEPOKOI CI\u0118 W ROZWOJU MOWY TWOJEGO DZIECKA&nbsp; NIE CZEKAJ! SZYBKO PRZEPROWADZONA DIAGNOZA I [&hellip;]<\/p>\n","protected":false},"author":1,"featured_media":0,"parent":0,"menu_order":0,"comment_status":"closed","ping_status":"closed","template":"","meta":{"footnotes":""},"class_list":["post-27","page","type-page","status-publish","hentry"],"_links":{"self":[{"href":"https:\/\/logopeda-teresin.eu\/index.php?rest_route=\/wp\/v2\/pages\/27","targetHints":{"allow":["GET"]}}],"collection":[{"href":"https:\/\/logopeda-teresin.eu\/index.php?rest_route=\/wp\/v2\/pages"}],"about":[{"href":"https:\/\/logopeda-teresin.eu\/index.php?rest_route=\/wp\/v2\/types\/page"}],"author":[{"embeddable":true,"href":"https:\/\/logopeda-teresin.eu\/index.php?rest_route=\/wp\/v2\/users\/1"}],"replies":[{"embeddable":true,"href":"https:\/\/logopeda-teresin.eu\/index.php?rest_route=%2Fwp%2Fv2%2Fcomments&post=27"}],"version-history":[{"count":11,"href":"https:\/\/logopeda-teresin.eu\/index.php?rest_route=\/wp\/v2\/pages\/27\/revisions"}],"predecessor-version":[{"id":219,"href":"https:\/\/logopeda-teresin.eu\/index.php?rest_route=\/wp\/v2\/pages\/27\/revisions\/219"}],"wp:attachment":[{"href":"https:\/\/logopeda-teresin.eu\/index.php?rest_route=%2Fwp%2Fv2%2Fmedia&parent=27"}],"curies":[{"name":"wp","href":"https:\/\/api.w.org\/{rel}","templated":true}]}}